{"id":132,"date":"2018-10-22T07:48:00","date_gmt":"2018-10-22T07:48:00","guid":{"rendered":"http:\/\/kita-werrawichtel-bsa.de\/?page_id=132"},"modified":"2024-11-08T13:45:01","modified_gmt":"2024-11-08T12:45:01","slug":"liebe-besucher","status":"publish","type":"page","link":"https:\/\/www.kita-werrawichtel-bsa.de\/?page_id=132","title":{"rendered":"Liebe Besucher"},"content":{"rendered":"<p><strong>Wussten Sie schon, dass in unserer Kindertagesst\u00e4tte:<\/strong><\/p>\n<ul>\n<li>90 Kinder in f\u00fcnf Gruppen betreut werden?<\/li>\n<li>-&gt; eine Krippengruppe\u00a0 (1. &#8211; 3. Lebensjahr)<\/li>\n<li>-&gt; vier altersgemischte Gruppen\u00a0\u00a0 (2. &#8211; 4. Lebensjahr)<\/li>\n<li>ein bunt gemischtes Team von 16 Erziehern und Erzieherinnen f\u00fcr die Kinder da sind?<\/li>\n<li>wir tatkr\u00e4ftig unterst\u00fctzt werden von Berufspraktikanten, Sozialassistenten, FSJ&#8217;lern,&#8230;?<\/li>\n<li>wir nach dem Situationsansatz arbeiten?<\/li>\n<li>ein Betreuungsangebot von 7.00 bis 17.00 Uhr mit gemeinsamen Mittagessen besteht?<\/li>\n<li>ein Bustransfer zwischen Wohnort und Kindertagesst\u00e4tte eingesetzt ist?<\/li>\n<li>Einzelintegration m\u00f6glich ist?<\/li>\n<li>t\u00e4gliche Zahnpflege nach der &#8222;KAI&#8220;-Methode stattfindet?<\/li>\n<li>wir viele Veranstaltungen im laufenden Kita-Jahr anbieten?, z.B. Elterntag, Oma-Opa Nachmittag, Laternenumzug, Krippenspiel,&#8230;<\/li>\n<li>einmal w\u00f6chentlich musikalische Fr\u00fcherziehung der &#8222;Musikschule Werra-Mei\u00dfner&#8220; angeboten wird?<\/li>\n<li>einmal pro Woche jede Gruppe ihren eigenen Turntag hat?<\/li>\n<li>jeden ersten Freitag im Monat ein gruppen\u00fcbergreifender Sing- und Spielkreis stattfindet?<\/li>\n<li>Montags bei uns Miteinandertag ist und wir gro\u00dfe Spazierg\u00e4nge unternehmen?<\/li>\n<li>jeden Freitag unseren exotischen Obsttag haben?<\/li>\n<li>einmal pro Monat unser Fr\u00fchst\u00fcckstag ist, in der uns die Kinder voller Tatendrang bei der Zubereitung unterst\u00fctzen?<\/li>\n<li>ein regelm\u00e4\u00dfiger Austausch mit der Grundschule &#8222;Am Brunnen vor dem Tore&#8220; stattfindet?<\/li>\n<li>eine enge Zusammenarbeit mit der Fr\u00fchf\u00f6rderstelle besteht?<\/li>\n<li>Fr. Dr. Karin K\u00f6hne aus Bad Sooden-Allendorf unsere Patenschaftszahn\u00e4rztin ist?<\/li>\n<li>wir einmal pro Monat die Omi&#8217;s und Opi&#8217;s in der &#8222;Rhenanus-Klinik&#8220; besuchen &amp; einen sch\u00f6nen Vormittag mit Ihnen verbringen?<\/li>\n<li>regelm\u00e4\u00dfige &#8222;Geburtstagsgespr\u00e4che&#8220; (Entwicklungsgespr\u00e4che) stattfinden?<\/li>\n<\/ul>\n<p>&nbsp;<\/p>\n<p>&nbsp;<\/p>\n<p>Zu Gespr\u00e4chen f\u00fcr weitere Informationen &amp; offenen Fragen stehen wir Ihnen gerne zur Verf\u00fcgung<\/p>\n","protected":false},"excerpt":{"rendered":"<p>Wussten Sie schon, dass in unserer Kindertagesst\u00e4tte: 90 Kinder in f\u00fcnf Gruppen betreut werden? -&gt; eine Krippengruppe\u00a0 (1. &#8211; 3. Lebensjahr) -&gt; vier altersgemischte Gruppen\u00a0\u00a0 (2. &#8211; 4. Lebensjahr) ein bunt gemischtes Team von 16 Erziehern und Erzieherinnen f\u00fcr die Kinder da sind? wir tatkr\u00e4ftig unterst\u00fctzt werden von Berufspraktikanten, Sozialassistenten, FSJ&#8217;lern,&#8230;? wir nach dem Situationsansatz &hellip; <a href=\"https:\/\/www.kita-werrawichtel-bsa.de\/?page_id=132\" class=\"more-link\"><span class=\"screen-reader-text\">Liebe Besucher<\/span> weiterlesen <span class=\"meta-nav\">&rarr;<\/span><\/a><\/p>\n","protected":false},"author":1,"featured_media":0,"parent":194,"menu_order":1,"comment_status":"closed","ping_status":"closed","template":"","meta":{"footnotes":""},"class_list":["post-132","page","type-page","status-publish","hentry"],"_links":{"self":[{"href":"https:\/\/www.kita-werrawichtel-bsa.de\/index.php?rest_route=\/wp\/v2\/pages\/132","targetHints":{"allow":["GET"]}}],"collection":[{"href":"https:\/\/www.kita-werrawichtel-bsa.de\/index.php?rest_route=\/wp\/v2\/pages"}],"about":[{"href":"https:\/\/www.kita-werrawichtel-bsa.de\/index.php?rest_route=\/wp\/v2\/types\/page"}],"author":[{"embeddable":true,"href":"https:\/\/www.kita-werrawichtel-bsa.de\/index.php?rest_route=\/wp\/v2\/users\/1"}],"replies":[{"embeddable":true,"href":"https:\/\/www.kita-werrawichtel-bsa.de\/index.php?rest_route=%2Fwp%2Fv2%2Fcomments&post=132"}],"version-history":[{"count":7,"href":"https:\/\/www.kita-werrawichtel-bsa.de\/index.php?rest_route=\/wp\/v2\/pages\/132\/revisions"}],"predecessor-version":[{"id":937,"href":"https:\/\/www.kita-werrawichtel-bsa.de\/index.php?rest_route=\/wp\/v2\/pages\/132\/revisions\/937"}],"up":[{"embeddable":true,"href":"https:\/\/www.kita-werrawichtel-bsa.de\/index.php?rest_route=\/wp\/v2\/pages\/194"}],"wp:attachment":[{"href":"https:\/\/www.kita-werrawichtel-bsa.de\/index.php?rest_route=%2Fwp%2Fv2%2Fmedia&parent=132"}],"curies":[{"name":"wp","href":"https:\/\/api.w.org\/{rel}","templated":true}]}}