{"id":192,"date":"2018-10-22T08:12:27","date_gmt":"2018-10-22T08:12:27","guid":{"rendered":"http:\/\/kita-werrawichtel-bsa.de\/?page_id=192"},"modified":"2025-02-24T11:02:43","modified_gmt":"2025-02-24T10:02:43","slug":"willkommen","status":"publish","type":"page","link":"https:\/\/www.kita-werrawichtel-bsa.de\/","title":{"rendered":"Willkommen"},"content":{"rendered":"<p>Liebe Besucher,<\/p>\n<p>das Team der Kindertagesst\u00e4tte Werrawichtel Bad Sooden-Allendorf hei\u00dft Sie herzlich willkommen.<\/p>\n<p>Informationen zu unserer Arbeit und dem Standort finden Sie in den verschiedenen Men\u00fcpunkten. Zur Anmeldung bei Webkita nutzen Sie bitte den QR-Code.<\/p>\n<p>Sollten Sie noch Fragen, Anregungen oder W\u00fcnsche haben, sprechen oder rufen Sie uns an.<\/p>\n<p>&nbsp;<\/p>\n<p><img loading=\"lazy\" decoding=\"async\" class=\"alignleft wp-image-566\" src=\"https:\/\/www.kita-werrawichtel-bsa.de\/wp-content\/uploads\/2020\/07\/3120200707-300x234.jpg\" alt=\"\" width=\"199\" height=\"155\" srcset=\"https:\/\/www.kita-werrawichtel-bsa.de\/wp-content\/uploads\/2020\/07\/3120200707-300x234.jpg 300w, https:\/\/www.kita-werrawichtel-bsa.de\/wp-content\/uploads\/2020\/07\/3120200707-768x598.jpg 768w, https:\/\/www.kita-werrawichtel-bsa.de\/wp-content\/uploads\/2020\/07\/3120200707-2048x1595.jpg 2048w\" sizes=\"auto, (max-width: 199px) 100vw, 199px\" \/><\/p>\n<p><img loading=\"lazy\" decoding=\"async\" class=\"alignleft wp-image-550\" src=\"https:\/\/www.kita-werrawichtel-bsa.de\/wp-content\/uploads\/2020\/07\/1520200707-300x194.jpg\" alt=\"\" width=\"239\" height=\"155\" srcset=\"https:\/\/www.kita-werrawichtel-bsa.de\/wp-content\/uploads\/2020\/07\/1520200707-300x194.jpg 300w, https:\/\/www.kita-werrawichtel-bsa.de\/wp-content\/uploads\/2020\/07\/1520200707-768x497.jpg 768w, https:\/\/www.kita-werrawichtel-bsa.de\/wp-content\/uploads\/2020\/07\/1520200707-2048x1326.jpg 2048w\" sizes=\"auto, (max-width: 239px) 100vw, 239px\" \/><img loading=\"lazy\" decoding=\"async\" class=\"alignleft wp-image-565\" src=\"https:\/\/www.kita-werrawichtel-bsa.de\/wp-content\/uploads\/2020\/07\/3020200707-300x188.jpg\" alt=\"\" width=\"247\" height=\"155\" srcset=\"https:\/\/www.kita-werrawichtel-bsa.de\/wp-content\/uploads\/2020\/07\/3020200707-300x188.jpg 300w, https:\/\/www.kita-werrawichtel-bsa.de\/wp-content\/uploads\/2020\/07\/3020200707-1024x642.jpg 1024w, https:\/\/www.kita-werrawichtel-bsa.de\/wp-content\/uploads\/2020\/07\/3020200707-768x481.jpg 768w, https:\/\/www.kita-werrawichtel-bsa.de\/wp-content\/uploads\/2020\/07\/3020200707-2048x1283.jpg 2048w\" sizes=\"auto, (max-width: 247px) 100vw, 247px\" \/><\/p>\n","protected":false},"excerpt":{"rendered":"<p>Liebe Besucher, das Team der Kindertagesst\u00e4tte Werrawichtel Bad Sooden-Allendorf hei\u00dft Sie herzlich willkommen. Informationen zu unserer Arbeit und dem Standort finden Sie in den verschiedenen Men\u00fcpunkten. Zur Anmeldung bei Webkita nutzen Sie bitte den QR-Code. Sollten Sie noch Fragen, Anregungen oder W\u00fcnsche haben, sprechen oder rufen Sie uns an. &nbsp;<\/p>\n","protected":false},"author":1,"featured_media":0,"parent":0,"menu_order":1,"comment_status":"closed","ping_status":"closed","template":"","meta":{"footnotes":""},"class_list":["post-192","page","type-page","status-publish","hentry"],"_links":{"self":[{"href":"https:\/\/www.kita-werrawichtel-bsa.de\/index.php?rest_route=\/wp\/v2\/pages\/192","targetHints":{"allow":["GET"]}}],"collection":[{"href":"https:\/\/www.kita-werrawichtel-bsa.de\/index.php?rest_route=\/wp\/v2\/pages"}],"about":[{"href":"https:\/\/www.kita-werrawichtel-bsa.de\/index.php?rest_route=\/wp\/v2\/types\/page"}],"author":[{"embeddable":true,"href":"https:\/\/www.kita-werrawichtel-bsa.de\/index.php?rest_route=\/wp\/v2\/users\/1"}],"replies":[{"embeddable":true,"href":"https:\/\/www.kita-werrawichtel-bsa.de\/index.php?rest_route=%2Fwp%2Fv2%2Fcomments&post=192"}],"version-history":[{"count":10,"href":"https:\/\/www.kita-werrawichtel-bsa.de\/index.php?rest_route=\/wp\/v2\/pages\/192\/revisions"}],"predecessor-version":[{"id":954,"href":"https:\/\/www.kita-werrawichtel-bsa.de\/index.php?rest_route=\/wp\/v2\/pages\/192\/revisions\/954"}],"wp:attachment":[{"href":"https:\/\/www.kita-werrawichtel-bsa.de\/index.php?rest_route=%2Fwp%2Fv2%2Fmedia&parent=192"}],"curies":[{"name":"wp","href":"https:\/\/api.w.org\/{rel}","templated":true}]}}